{"id":24,"date":"2025-11-12T00:36:13","date_gmt":"2025-11-12T00:36:13","guid":{"rendered":"https:\/\/vogrupo.com\/?page_id=24"},"modified":"2025-11-12T01:19:39","modified_gmt":"2025-11-12T01:19:39","slug":"un-sector-en-crecimiento","status":"publish","type":"page","link":"https:\/\/vogrupo.com\/index.php\/un-sector-en-crecimiento\/","title":{"rendered":"Un sector en crecimiento"},"content":{"rendered":"\n<div class=\"wp-block-group alignfull has-accent-background-color has-background has-global-padding is-layout-constrained wp-container-core-group-is-layout-669513ed wp-block-group-is-layout-constrained\" style=\"margin-top:0;margin-bottom:0;padding-top:var(--wp--preset--spacing--50);padding-right:var(--wp--preset--spacing--50);padding-bottom:var(--wp--preset--spacing--50);padding-left:var(--wp--preset--spacing--50)\">\n<div class=\"wp-block-columns alignwide is-layout-flex wp-container-core-columns-is-layout-1da03c2a wp-block-columns-is-layout-flex\">\n<div class=\"wp-block-column is-vertically-aligned-stretch is-layout-flow wp-block-column-is-layout-flow\" style=\"flex-basis:50%\">\n<div class=\"wp-block-group is-vertical is-content-justification-stretch is-layout-flex wp-container-core-group-is-layout-444d5ee8 wp-block-group-is-layout-flex\" style=\"min-height:100%\">\n<p class=\"has-heading-font-family has-x-large-font-size\" style=\"line-height:1.2\">Puntos Clave del Mercado de VO<\/p>\n\n\n\n<p><strong>Ventas en 2025 (Parcial):<\/strong> En el primer semestre de 2025, se super\u00f3 el mill\u00f3n de unidades vendidas, con un crecimiento constante (alrededor del 5% interanual).<\/p>\n\n\n\n<p><strong>Ratio de Venta (2024):<\/strong> Por cada coche nuevo matriculado, se vendieron <strong>2,1 a 2,3<\/strong> veh\u00edculos de ocasi\u00f3n. Esto certifica que el VO sigue siendo la primera opci\u00f3n de compra para la mayor\u00eda de los conductores espa\u00f1oles.<\/p>\n\n\n\n<p><strong>Antig\u00fcedad (Mayor Demanda):<\/strong> El segmento m\u00e1s vendido con diferencia sigue siendo el de los coches <strong>m\u00e1s antiguos (m\u00e1s de 10 o 15 a\u00f1os)<\/strong>, que concentran cerca del 40% al 57% de las ventas, aunque su crecimiento se ha moderado.<\/p>\n\n\n\n<p><strong>Segmentos Din\u00e1micos (Impulso Reciente):<\/strong> El crecimiento est\u00e1 siendo impulsado especialmente por los coches <strong>seminuevos (menos de 1 a\u00f1o)<\/strong> y los de la franja <strong>de 1 a 5 a\u00f1os<\/strong>, debido a la renovaci\u00f3n de flotas de <em>renting<\/em> y las importaciones.<\/p>\n\n\n\n<div class=\"wp-block-group has-global-padding is-content-justification-left is-layout-constrained wp-container-core-group-is-layout-9fe8ed88 wp-block-group-is-layout-constrained\">\n<p class=\"wp-container-content-0733e5d0\"><\/p>\n\n\n\n<div class=\"wp-block-buttons is-layout-flex wp-block-buttons-is-layout-flex\">\n<div class=\"wp-block-button\"><a class=\"wp-block-button__link wp-element-button\">About us<\/a><\/div>\n<\/div>\n<\/div>\n<\/div>\n<\/div>\n\n\n\n<div class=\"wp-block-column is-vertically-aligned-center is-layout-flow wp-block-column-is-layout-flow\" style=\"flex-basis:50%\">\n<figure class=\"wp-block-image size-full is-resized is-style-rounded is-style-rounded--1\"><img loading=\"lazy\" decoding=\"async\" width=\"1024\" height=\"930\" src=\"http:\/\/vogrupo.com\/wp-content\/uploads\/2025\/11\/Gemini_Generated_Image_42cek842cek842ce-1.png\" alt=\"\" class=\"wp-image-29\" style=\"aspect-ratio:0.75;object-fit:cover;width:520px;height:auto\" srcset=\"https:\/\/vogrupo.com\/wp-content\/uploads\/2025\/11\/Gemini_Generated_Image_42cek842cek842ce-1.png 1024w, https:\/\/vogrupo.com\/wp-content\/uploads\/2025\/11\/Gemini_Generated_Image_42cek842cek842ce-1-300x272.png 300w, https:\/\/vogrupo.com\/wp-content\/uploads\/2025\/11\/Gemini_Generated_Image_42cek842cek842ce-1-768x698.png 768w\" sizes=\"auto, (max-width: 1024px) 100vw, 1024px\" \/><\/figure>\n<\/div>\n<\/div>\n<\/div>\n\n\n\n<div class=\"wp-block-group alignfull has-base-background-color has-background has-global-padding is-layout-constrained wp-container-core-group-is-layout-d89aad35 wp-block-group-is-layout-constrained\" style=\"margin-top:0;margin-bottom:0;padding-top:var(--wp--preset--spacing--50);padding-right:var(--wp--preset--spacing--50);padding-bottom:var(--wp--preset--spacing--50);padding-left:var(--wp--preset--spacing--50)\">\n<div class=\"wp-block-columns alignwide is-layout-flex wp-container-core-columns-is-layout-549b0c86 wp-block-columns-is-layout-flex\">\n<div class=\"wp-block-column has-global-padding is-content-justification-left is-layout-constrained wp-container-core-column-is-layout-4f15e8fe wp-block-column-is-layout-constrained\" style=\"flex-basis:40%\">\n<p>Previsible incremento del 3% para 2026<\/p>\n<\/div>\n\n\n\n<div class=\"wp-block-column is-layout-flow wp-container-core-column-is-layout-119bc444 wp-block-column-is-layout-flow\" style=\"flex-basis:60%\">\n<p class=\"has-heading-font-family has-x-large-font-size\" style=\"line-height:1.2\">\u00bfQu\u00e9 esperamos para 2026 en VO Grupo?<\/p>\n\n\n\n<div class=\"wp-block-columns is-layout-flex wp-container-core-columns-is-layout-87beb0d0 wp-block-columns-is-layout-flex\">\n<div class=\"wp-block-column is-layout-flow wp-block-column-is-layout-flow\">\n<details class=\"wp-block-details is-layout-flow wp-block-details-is-layout-flow\"><summary><strong>Segmento por Antig\u00fcedad<\/strong><br><strong>Crecimiento Esperado en 2026<\/strong><br><strong>Impacto para VO Grupo<\/strong><br><strong>VO Joven (Menos de 3 a\u00f1os)<\/strong><br>Se espera que alcance el <strong>29,3% del mercado<\/strong> (frente a cifras inferiores al 26% en a\u00f1os anteriores).<br>Mayor disponibilidad de coches de flotas y <em>renting<\/em> renovadas, lo que es clave para concesionarios profesionales como Grupo VO.<br><strong>VO Antiguo (M\u00e1s de 10-15 a\u00f1os)<\/strong><br>Aunque sigue siendo el mayor volumen, su peso en el total tiende a <strong>reducirse o estancarse<\/strong> ligeramente.<br>El foco se desplaza hacia la calidad y la garant\u00eda de los coches seminuevos.<\/summary>\n<figure class=\"wp-block-table\"><table class=\"has-fixed-layout\"><thead><tr><td><strong>Segmento por Antig\u00fcedad<\/strong><\/td><td><strong>Crecimiento Esperado en 2026<\/strong><\/td><td><strong>Impacto para VO Grupo<\/strong><\/td><\/tr><\/thead><tbody><tr><td><strong>VO Joven (Menos de 3 a\u00f1os)<\/strong><\/td><td>Se espera que alcance el <strong>29,3% del mercado<\/strong> (frente a cifras inferiores al 26% en a\u00f1os anteriores).<\/td><td>Mayor disponibilidad de coches de flotas y <em>renting<\/em> renovadas, lo que es clave para concesionarios profesionales como Grupo VO.<\/td><\/tr><tr><td><strong>VO Antiguo (M\u00e1s de 10-15 a\u00f1os)<\/strong><\/td><td>Aunque sigue siendo el mayor volumen, su peso en el total tiende a <strong>reducirse o estancarse<\/strong> ligeramente.<\/td><td>El foco se desplaza hacia la calidad y la garant\u00eda de los coches seminuevos.<\/td><\/tr><\/tbody><\/table><\/figure>\n<\/details>\n<\/div>\n<\/div>\n<\/div>\n<\/div>\n<\/div>\n\n\n\n<div class=\"wp-block-group alignfull has-accent-5-background-color has-background has-global-padding is-layout-constrained wp-container-core-group-is-layout-d89aad35 wp-block-group-is-layout-constrained\" style=\"margin-top:0;margin-bottom:0;padding-top:var(--wp--preset--spacing--50);padding-right:var(--wp--preset--spacing--50);padding-bottom:var(--wp--preset--spacing--50);padding-left:var(--wp--preset--spacing--50)\">\n<div class=\"wp-block-columns alignwide is-layout-flex wp-container-core-columns-is-layout-1da03c2a wp-block-columns-is-layout-flex\">\n<div class=\"wp-block-column is-vertically-aligned-center is-layout-flow wp-block-column-is-layout-flow\" style=\"flex-basis:60%\">\n<figure class=\"wp-block-image size-full is-resized is-style-rounded wp-duotone-duotone-1 is-style-rounded--2\"><img loading=\"lazy\" decoding=\"async\" width=\"1024\" height=\"1024\" src=\"http:\/\/vogrupo.com\/wp-content\/uploads\/2025\/11\/Gemini_Generated_Image_3gei4q3gei4q3gei.png\" alt=\"\" class=\"wp-image-28\" style=\"aspect-ratio:1.3333333333333333;object-fit:cover;width:531px;height:auto\" srcset=\"https:\/\/vogrupo.com\/wp-content\/uploads\/2025\/11\/Gemini_Generated_Image_3gei4q3gei4q3gei.png 1024w, https:\/\/vogrupo.com\/wp-content\/uploads\/2025\/11\/Gemini_Generated_Image_3gei4q3gei4q3gei-300x300.png 300w, https:\/\/vogrupo.com\/wp-content\/uploads\/2025\/11\/Gemini_Generated_Image_3gei4q3gei4q3gei-150x150.png 150w, https:\/\/vogrupo.com\/wp-content\/uploads\/2025\/11\/Gemini_Generated_Image_3gei4q3gei4q3gei-768x768.png 768w\" sizes=\"auto, (max-width: 1024px) 100vw, 1024px\" \/><\/figure>\n<\/div>\n\n\n\n<div class=\"wp-block-column is-layout-flow wp-block-column-is-layout-flow\" style=\"flex-basis:40%\">\n<h2 class=\"wp-block-heading\">Consultor\u00eda y Formaci\u00f3n<\/h2>\n\n\n\n<p>Nos adaptamos a su necesidad y ponemos la maquinaria a funcionar para ofrecerte un servicio profesional adaptado a su demanda.<\/p>\n\n\n\n<div class=\"wp-block-buttons is-layout-flex wp-block-buttons-is-layout-flex\">\n<div class=\"wp-block-button\"><a class=\"wp-block-button__link wp-element-button\">Our services<\/a><\/div>\n<\/div>\n<\/div>\n<\/div>\n<\/div>\n\n\n\n<p><\/p>\n","protected":false},"excerpt":{"rendered":"<p>Puntos Clave del Mercado de VO Ventas en 2025 (Parcial): En el primer semestre de 2025, se super\u00f3 el mill\u00f3n de unidades vendidas, con un crecimiento constante (alrededor del 5% interanual). Ratio de Venta (2024): Por cada coche nuevo matriculado, se vendieron 2,1 a 2,3 veh\u00edculos de ocasi\u00f3n. Esto certifica que el VO sigue siendo [&hellip;]<\/p>\n","protected":false},"author":1,"featured_media":0,"parent":0,"menu_order":0,"comment_status":"closed","ping_status":"closed","template":"","meta":{"footnotes":""},"class_list":["post-24","page","type-page","status-publish","hentry"],"_links":{"self":[{"href":"https:\/\/vogrupo.com\/index.php\/wp-json\/wp\/v2\/pages\/24","targetHints":{"allow":["GET"]}}],"collection":[{"href":"https:\/\/vogrupo.com\/index.php\/wp-json\/wp\/v2\/pages"}],"about":[{"href":"https:\/\/vogrupo.com\/index.php\/wp-json\/wp\/v2\/types\/page"}],"author":[{"embeddable":true,"href":"https:\/\/vogrupo.com\/index.php\/wp-json\/wp\/v2\/users\/1"}],"replies":[{"embeddable":true,"href":"https:\/\/vogrupo.com\/index.php\/wp-json\/wp\/v2\/comments?post=24"}],"version-history":[{"count":2,"href":"https:\/\/vogrupo.com\/index.php\/wp-json\/wp\/v2\/pages\/24\/revisions"}],"predecessor-version":[{"id":52,"href":"https:\/\/vogrupo.com\/index.php\/wp-json\/wp\/v2\/pages\/24\/revisions\/52"}],"wp:attachment":[{"href":"https:\/\/vogrupo.com\/index.php\/wp-json\/wp\/v2\/media?parent=24"}],"curies":[{"name":"wp","href":"https:\/\/api.w.org\/{rel}","templated":true}]}}